{"id":7,"date":"2023-09-10T14:34:24","date_gmt":"2023-09-10T14:34:24","guid":{"rendered":"https:\/\/galerijakaptol.hr\/?page_id=7"},"modified":"2025-12-03T10:29:29","modified_gmt":"2025-12-03T10:29:29","slug":"stvori-svoju-web-stranicu-s-blokovima","status":"publish","type":"page","link":"https:\/\/galerijakaptol.hr\/","title":{"rendered":"Galerija Kaptol"},"content":{"rendered":"","protected":false},"excerpt":{"rendered":"","protected":false},"author":1,"featured_media":4194,"parent":0,"menu_order":0,"comment_status":"closed","ping_status":"closed","template":"","meta":{"footnotes":""},"class_list":["post-7","page","type-page","status-publish","has-post-thumbnail","hentry"],"yoast_head":"<!-- This site is optimized with the Yoast SEO plugin v27.4 - https:\/\/yoast.com\/product\/yoast-seo-wordpress\/ -->\n<title>Galerija Kaptol - Galerija umjetnina<\/title>\n<meta name=\"description\" content=\"\u2018Galerija Kaptol\u2019 osnovana je 1987. godine sa sjedi\u0161tem u Zagrebu,na Kaptolu broj 13, gdje se nalazi do danas. Od samog po\u010detka galerija je izlagala umjetnike svih generacija s fokusom na eminentne hrvatske slikare i kipare, kao i mlade umjetnike u usponu.Budu\u0107i da je jedna od prvih galerija koja je organizirala izlo\u017ebe velikim imenima poput Vaska Lipovca, Iva Dul\u010di\u0107a, Voje Radoi\u010di\u0107a, Stipe Nobila i ostalih te imala pop up galerije u Dubrovniku, Splitu i Hvaru, tijekom godina, postala je jedna od najistaknutijih galerija umjetnina u Hrvatskoj.\" \/>\n<meta name=\"robots\" content=\"index, follow, max-snippet:-1, max-image-preview:large, max-video-preview:-1\" \/>\n<link rel=\"canonical\" href=\"https:\/\/galerijakaptol.hr\/\" \/>\n<meta property=\"og:locale\" content=\"hr_HR\" \/>\n<meta property=\"og:type\" content=\"article\" \/>\n<meta property=\"og:title\" content=\"Galerija Kaptol - Galerija umjetnina\" \/>\n<meta property=\"og:description\" content=\"\u2018Galerija Kaptol\u2019 osnovana je 1987. godine sa sjedi\u0161tem u Zagrebu,na Kaptolu broj 13, gdje se nalazi do danas. Od samog po\u010detka galerija je izlagala umjetnike svih generacija s fokusom na eminentne hrvatske slikare i kipare, kao i mlade umjetnike u usponu.Budu\u0107i da je jedna od prvih galerija koja je organizirala izlo\u017ebe velikim imenima poput Vaska Lipovca, Iva Dul\u010di\u0107a, Voje Radoi\u010di\u0107a, Stipe Nobila i ostalih te imala pop up galerije u Dubrovniku, Splitu i Hvaru, tijekom godina, postala je jedna od najistaknutijih galerija umjetnina u Hrvatskoj.\" \/>\n<meta property=\"og:url\" content=\"https:\/\/galerijakaptol.hr\/\" \/>\n<meta property=\"og:site_name\" content=\"Galerija umjetnina\" \/>\n<meta property=\"article:modified_time\" content=\"2025-12-03T10:29:29+00:00\" \/>\n<meta property=\"og:image\" content=\"https:\/\/galerijakaptol.hr\/wp-content\/uploads\/2025\/12\/IMG_3180.jpeg\" \/>\n\t<meta property=\"og:image:width\" content=\"1071\" \/>\n\t<meta property=\"og:image:height\" content=\"1437\" \/>\n\t<meta property=\"og:image:type\" content=\"image\/jpeg\" \/>\n<meta name=\"twitter:card\" content=\"summary_large_image\" \/>\n<meta name=\"twitter:label1\" content=\"Procijenjeno vrijeme \u010ditanja\" \/>\n\t<meta name=\"twitter:data1\" content=\"1 minuta\" \/>\n<script type=\"application\/ld+json\" class=\"yoast-schema-graph\">{\"@context\":\"https:\\\/\\\/schema.org\",\"@graph\":[{\"@type\":\"WebPage\",\"@id\":\"https:\\\/\\\/galerijakaptol.hr\\\/\",\"url\":\"https:\\\/\\\/galerijakaptol.hr\\\/\",\"name\":\"Galerija Kaptol - Galerija umjetnina\",\"isPartOf\":{\"@id\":\"https:\\\/\\\/galerijakaptol.hr\\\/#website\"},\"primaryImageOfPage\":{\"@id\":\"https:\\\/\\\/galerijakaptol.hr\\\/#primaryimage\"},\"image\":{\"@id\":\"https:\\\/\\\/galerijakaptol.hr\\\/#primaryimage\"},\"thumbnailUrl\":\"https:\\\/\\\/galerijakaptol.hr\\\/wp-content\\\/uploads\\\/2025\\\/12\\\/IMG_3180-e1764757906796.jpeg\",\"datePublished\":\"2023-09-10T14:34:24+00:00\",\"dateModified\":\"2025-12-03T10:29:29+00:00\",\"description\":\"\u2018Galerija Kaptol\u2019 osnovana je 1987. godine sa sjedi\u0161tem u Zagrebu,na Kaptolu broj 13, gdje se nalazi do danas. Od samog po\u010detka galerija je izlagala umjetnike svih generacija s fokusom na eminentne hrvatske slikare i kipare, kao i mlade umjetnike u usponu.Budu\u0107i da je jedna od prvih galerija koja je organizirala izlo\u017ebe velikim imenima poput Vaska Lipovca, Iva Dul\u010di\u0107a, Voje Radoi\u010di\u0107a, Stipe Nobila i ostalih te imala pop up galerije u Dubrovniku, Splitu i Hvaru, tijekom godina, postala je jedna od najistaknutijih galerija umjetnina u Hrvatskoj.\",\"breadcrumb\":{\"@id\":\"https:\\\/\\\/galerijakaptol.hr\\\/#breadcrumb\"},\"inLanguage\":\"hr\",\"potentialAction\":[{\"@type\":\"ReadAction\",\"target\":[\"https:\\\/\\\/galerijakaptol.hr\\\/\"]}]},{\"@type\":\"ImageObject\",\"inLanguage\":\"hr\",\"@id\":\"https:\\\/\\\/galerijakaptol.hr\\\/#primaryimage\",\"url\":\"https:\\\/\\\/galerijakaptol.hr\\\/wp-content\\\/uploads\\\/2025\\\/12\\\/IMG_3180-e1764757906796.jpeg\",\"contentUrl\":\"https:\\\/\\\/galerijakaptol.hr\\\/wp-content\\\/uploads\\\/2025\\\/12\\\/IMG_3180-e1764757906796.jpeg\",\"width\":1070,\"height\":970,\"caption\":\"Screenshot\"},{\"@type\":\"BreadcrumbList\",\"@id\":\"https:\\\/\\\/galerijakaptol.hr\\\/#breadcrumb\",\"itemListElement\":[{\"@type\":\"ListItem\",\"position\":1,\"name\":\"Po\u010detna stranica\",\"item\":\"https:\\\/\\\/galerijakaptol.hr\\\/\"},{\"@type\":\"ListItem\",\"position\":2,\"name\":\"Galerija Kaptol\"}]},{\"@type\":\"WebSite\",\"@id\":\"https:\\\/\\\/galerijakaptol.hr\\\/#website\",\"url\":\"https:\\\/\\\/galerijakaptol.hr\\\/\",\"name\":\"Galerija umjetnina\",\"description\":\"\",\"publisher\":{\"@id\":\"https:\\\/\\\/galerijakaptol.hr\\\/#organization\"},\"potentialAction\":[{\"@type\":\"SearchAction\",\"target\":{\"@type\":\"EntryPoint\",\"urlTemplate\":\"https:\\\/\\\/galerijakaptol.hr\\\/?s={search_term_string}\"},\"query-input\":{\"@type\":\"PropertyValueSpecification\",\"valueRequired\":true,\"valueName\":\"search_term_string\"}}],\"inLanguage\":\"hr\"},{\"@type\":\"Organization\",\"@id\":\"https:\\\/\\\/galerijakaptol.hr\\\/#organization\",\"name\":\"Galerija umjetnina\",\"url\":\"https:\\\/\\\/galerijakaptol.hr\\\/\",\"logo\":{\"@type\":\"ImageObject\",\"inLanguage\":\"hr\",\"@id\":\"https:\\\/\\\/galerijakaptol.hr\\\/#\\\/schema\\\/logo\\\/image\\\/\",\"url\":\"https:\\\/\\\/galerijakaptol.hr\\\/wp-content\\\/uploads\\\/2023\\\/09\\\/logo-Kaptol-Galerija.png\",\"contentUrl\":\"https:\\\/\\\/galerijakaptol.hr\\\/wp-content\\\/uploads\\\/2023\\\/09\\\/logo-Kaptol-Galerija.png\",\"width\":342,\"height\":72,\"caption\":\"Galerija umjetnina\"},\"image\":{\"@id\":\"https:\\\/\\\/galerijakaptol.hr\\\/#\\\/schema\\\/logo\\\/image\\\/\"}}]}<\/script>\n<!-- \/ Yoast SEO plugin. -->","yoast_head_json":{"title":"Galerija Kaptol - Galerija umjetnina","description":"\u2018Galerija Kaptol\u2019 osnovana je 1987. godine sa sjedi\u0161tem u Zagrebu,na Kaptolu broj 13, gdje se nalazi do danas. Od samog po\u010detka galerija je izlagala umjetnike svih generacija s fokusom na eminentne hrvatske slikare i kipare, kao i mlade umjetnike u usponu.Budu\u0107i da je jedna od prvih galerija koja je organizirala izlo\u017ebe velikim imenima poput Vaska Lipovca, Iva Dul\u010di\u0107a, Voje Radoi\u010di\u0107a, Stipe Nobila i ostalih te imala pop up galerije u Dubrovniku, Splitu i Hvaru, tijekom godina, postala je jedna od najistaknutijih galerija umjetnina u Hrvatskoj.","robots":{"index":"index","follow":"follow","max-snippet":"max-snippet:-1","max-image-preview":"max-image-preview:large","max-video-preview":"max-video-preview:-1"},"canonical":"https:\/\/galerijakaptol.hr\/","og_locale":"hr_HR","og_type":"article","og_title":"Galerija Kaptol - Galerija umjetnina","og_description":"\u2018Galerija Kaptol\u2019 osnovana je 1987. godine sa sjedi\u0161tem u Zagrebu,na Kaptolu broj 13, gdje se nalazi do danas. Od samog po\u010detka galerija je izlagala umjetnike svih generacija s fokusom na eminentne hrvatske slikare i kipare, kao i mlade umjetnike u usponu.Budu\u0107i da je jedna od prvih galerija koja je organizirala izlo\u017ebe velikim imenima poput Vaska Lipovca, Iva Dul\u010di\u0107a, Voje Radoi\u010di\u0107a, Stipe Nobila i ostalih te imala pop up galerije u Dubrovniku, Splitu i Hvaru, tijekom godina, postala je jedna od najistaknutijih galerija umjetnina u Hrvatskoj.","og_url":"https:\/\/galerijakaptol.hr\/","og_site_name":"Galerija umjetnina","article_modified_time":"2025-12-03T10:29:29+00:00","og_image":[{"width":1071,"height":1437,"url":"https:\/\/galerijakaptol.hr\/wp-content\/uploads\/2025\/12\/IMG_3180.jpeg","type":"image\/jpeg"}],"twitter_card":"summary_large_image","twitter_misc":{"Procijenjeno vrijeme \u010ditanja":"1 minuta"},"schema":{"@context":"https:\/\/schema.org","@graph":[{"@type":"WebPage","@id":"https:\/\/galerijakaptol.hr\/","url":"https:\/\/galerijakaptol.hr\/","name":"Galerija Kaptol - Galerija umjetnina","isPartOf":{"@id":"https:\/\/galerijakaptol.hr\/#website"},"primaryImageOfPage":{"@id":"https:\/\/galerijakaptol.hr\/#primaryimage"},"image":{"@id":"https:\/\/galerijakaptol.hr\/#primaryimage"},"thumbnailUrl":"https:\/\/galerijakaptol.hr\/wp-content\/uploads\/2025\/12\/IMG_3180-e1764757906796.jpeg","datePublished":"2023-09-10T14:34:24+00:00","dateModified":"2025-12-03T10:29:29+00:00","description":"\u2018Galerija Kaptol\u2019 osnovana je 1987. godine sa sjedi\u0161tem u Zagrebu,na Kaptolu broj 13, gdje se nalazi do danas. Od samog po\u010detka galerija je izlagala umjetnike svih generacija s fokusom na eminentne hrvatske slikare i kipare, kao i mlade umjetnike u usponu.Budu\u0107i da je jedna od prvih galerija koja je organizirala izlo\u017ebe velikim imenima poput Vaska Lipovca, Iva Dul\u010di\u0107a, Voje Radoi\u010di\u0107a, Stipe Nobila i ostalih te imala pop up galerije u Dubrovniku, Splitu i Hvaru, tijekom godina, postala je jedna od najistaknutijih galerija umjetnina u Hrvatskoj.","breadcrumb":{"@id":"https:\/\/galerijakaptol.hr\/#breadcrumb"},"inLanguage":"hr","potentialAction":[{"@type":"ReadAction","target":["https:\/\/galerijakaptol.hr\/"]}]},{"@type":"ImageObject","inLanguage":"hr","@id":"https:\/\/galerijakaptol.hr\/#primaryimage","url":"https:\/\/galerijakaptol.hr\/wp-content\/uploads\/2025\/12\/IMG_3180-e1764757906796.jpeg","contentUrl":"https:\/\/galerijakaptol.hr\/wp-content\/uploads\/2025\/12\/IMG_3180-e1764757906796.jpeg","width":1070,"height":970,"caption":"Screenshot"},{"@type":"BreadcrumbList","@id":"https:\/\/galerijakaptol.hr\/#breadcrumb","itemListElement":[{"@type":"ListItem","position":1,"name":"Po\u010detna stranica","item":"https:\/\/galerijakaptol.hr\/"},{"@type":"ListItem","position":2,"name":"Galerija Kaptol"}]},{"@type":"WebSite","@id":"https:\/\/galerijakaptol.hr\/#website","url":"https:\/\/galerijakaptol.hr\/","name":"Galerija umjetnina","description":"","publisher":{"@id":"https:\/\/galerijakaptol.hr\/#organization"},"potentialAction":[{"@type":"SearchAction","target":{"@type":"EntryPoint","urlTemplate":"https:\/\/galerijakaptol.hr\/?s={search_term_string}"},"query-input":{"@type":"PropertyValueSpecification","valueRequired":true,"valueName":"search_term_string"}}],"inLanguage":"hr"},{"@type":"Organization","@id":"https:\/\/galerijakaptol.hr\/#organization","name":"Galerija umjetnina","url":"https:\/\/galerijakaptol.hr\/","logo":{"@type":"ImageObject","inLanguage":"hr","@id":"https:\/\/galerijakaptol.hr\/#\/schema\/logo\/image\/","url":"https:\/\/galerijakaptol.hr\/wp-content\/uploads\/2023\/09\/logo-Kaptol-Galerija.png","contentUrl":"https:\/\/galerijakaptol.hr\/wp-content\/uploads\/2023\/09\/logo-Kaptol-Galerija.png","width":342,"height":72,"caption":"Galerija umjetnina"},"image":{"@id":"https:\/\/galerijakaptol.hr\/#\/schema\/logo\/image\/"}}]}},"jetpack_sharing_enabled":true,"_links":{"self":[{"href":"https:\/\/galerijakaptol.hr\/index.php\/wp-json\/wp\/v2\/pages\/7","targetHints":{"allow":["GET"]}}],"collection":[{"href":"https:\/\/galerijakaptol.hr\/index.php\/wp-json\/wp\/v2\/pages"}],"about":[{"href":"https:\/\/galerijakaptol.hr\/index.php\/wp-json\/wp\/v2\/types\/page"}],"author":[{"embeddable":true,"href":"https:\/\/galerijakaptol.hr\/index.php\/wp-json\/wp\/v2\/users\/1"}],"replies":[{"embeddable":true,"href":"https:\/\/galerijakaptol.hr\/index.php\/wp-json\/wp\/v2\/comments?post=7"}],"version-history":[{"count":12,"href":"https:\/\/galerijakaptol.hr\/index.php\/wp-json\/wp\/v2\/pages\/7\/revisions"}],"predecessor-version":[{"id":4195,"href":"https:\/\/galerijakaptol.hr\/index.php\/wp-json\/wp\/v2\/pages\/7\/revisions\/4195"}],"wp:featuredmedia":[{"embeddable":true,"href":"https:\/\/galerijakaptol.hr\/index.php\/wp-json\/wp\/v2\/media\/4194"}],"wp:attachment":[{"href":"https:\/\/galerijakaptol.hr\/index.php\/wp-json\/wp\/v2\/media?parent=7"}],"curies":[{"name":"wp","href":"https:\/\/api.w.org\/{rel}","templated":true}]}}